{"id":197,"date":"2026-04-30T14:04:39","date_gmt":"2026-04-30T12:04:39","guid":{"rendered":"https:\/\/liam.ict-stage.ch\/?page_id=197"},"modified":"2026-04-30T14:05:19","modified_gmt":"2026-04-30T12:05:19","slug":"blogbeitraege","status":"publish","type":"page","link":"https:\/\/liam.ict-stage.ch\/index.php\/blogbeitraege\/","title":{"rendered":"Blogbeitr\u00e4ge"},"content":{"rendered":"<div class=\"et_pb_section_0 et_pb_section et_section_regular et_flex_section preset--module--divi-section--default\">\n<div class=\"et_pb_row_0 et_pb_row et_flex_row\">\n<div class=\"et_pb_column_0 et_pb_column et-last-child et_flex_column et_pb_css_mix_blend_mode_passthrough et_flex_column_24_24 et_flex_column_24_24_tablet et_flex_column_24_24_phone preset--module--divi-column--default\">\n<div class=\"et_pb_heading_0 et_pb_heading et_pb_module et_flex_module preset--module--divi-heading--default\"><div class=\"et_pb_heading_container\"><h1 class=\"et_pb_module_header\">Blogbeitr\u00e4ge<\/h1><\/div><\/div>\n<\/div>\n<\/div>\n\n<div class=\"et_pb_row_1 et_pb_row et_flex_row\">\n<div class=\"et_pb_column_1 et_pb_column et-last-child et_flex_column et_pb_css_mix_blend_mode_passthrough et_flex_column_24_24 et_flex_column_24_24_tablet et_flex_column_24_24_phone preset--module--divi-column--default\">\n<div class=\"et_pb_blog_0 et_pb_blog et_pb_bg_layout_light et_pb_posts et_pb_module\"><div class=\"et_pb_ajax_pagination_container\"><div class=\"et_pb_posts et_grid_module\"><article class=\"et_pb_post et_pb_post_id_265 clearfix et_pb_blog_item_0_0 post-265 post type-post status-publish format-standard has-post-thumbnail hentry category-allgemein\"><div class=\"et_pb_image_container\"><a href=\"https:\/\/liam.ict-stage.ch\/index.php\/2026\/04\/29\/fjord-abenteuer-in-bergen\/\" class=\"entry-featured-image-url\"><img loading=\"lazy\" decoding=\"async\" src=\"https:\/\/liam.ict-stage.ch\/wp-content\/uploads\/2026\/04\/NOR_16-1.jpg\" width=\"400\" height=\"225\" alt=\"Fjord-Abenteuer in Bergen\" class=\"\" srcset=\"https:\/\/liam.ict-stage.ch\/wp-content\/uploads\/2026\/04\/NOR_16-1.jpg 479w, https:\/\/liam.ict-stage.ch\/wp-content\/uploads\/2026\/04\/NOR_16-1.jpg 480w\" sizes=\"(max-width:479px) 479px, 100vw\" \/><span data-icon=\"\ue050\" class=\"et_overlay et_pb_inline_icon\"><\/span><\/a><\/div><h2 class=\"entry-title\"><a href=\"https:\/\/liam.ict-stage.ch\/index.php\/2026\/04\/29\/fjord-abenteuer-in-bergen\/\">Fjord-Abenteuer in Bergen<\/a><\/h2><p class=\"post-meta\">by <span class=\"author vcard\"><a href=\"https:\/\/liam.ict-stage.ch\/index.php\/author\/sonderegger\/\" title=\"Posts by sonderegger\" rel=\"author\">sonderegger<\/a><\/span> | <span class=\"published\">Apr. 29, 2026<\/span><\/p><div class=\"post-content\"><div class=\"post-content-inner\"><p>Meine Reise nach Bergen begann mit einem atemberaubenden Blick auf die majest\u00e4tischen Fjorde, die im Morgenlicht glitzerten. Schon bei der Ankunft sp\u00fcrt man, wie stark die Stadt mit den Fjorden und&#8230;<\/p>\n<\/div><\/div><\/article><article class=\"et_pb_post et_pb_post_id_387 clearfix et_pb_blog_item_0_1 post-387 post type-post status-publish format-standard has-post-thumbnail hentry category-allgemein\"><div class=\"et_pb_image_container\"><a href=\"https:\/\/liam.ict-stage.ch\/index.php\/2026\/04\/28\/wanderung-zum-preikestolen\/\" class=\"entry-featured-image-url\"><img loading=\"lazy\" decoding=\"async\" src=\"https:\/\/liam.ict-stage.ch\/wp-content\/uploads\/2026\/04\/NOR_49.jpg\" width=\"400\" height=\"225\" alt=\"Wanderung zum Preikestolen\" class=\"\" srcset=\"https:\/\/liam.ict-stage.ch\/wp-content\/uploads\/2026\/04\/NOR_49.jpg 479w, https:\/\/liam.ict-stage.ch\/wp-content\/uploads\/2026\/04\/NOR_49.jpg 480w\" sizes=\"(max-width:479px) 479px, 100vw\" \/><span data-icon=\"\ue050\" class=\"et_overlay et_pb_inline_icon\"><\/span><\/a><\/div><h2 class=\"entry-title\"><a href=\"https:\/\/liam.ict-stage.ch\/index.php\/2026\/04\/28\/wanderung-zum-preikestolen\/\">Wanderung zum Preikestolen<\/a><\/h2><p class=\"post-meta\">by <span class=\"author vcard\"><a href=\"https:\/\/liam.ict-stage.ch\/index.php\/author\/sonderegger\/\" title=\"Posts by sonderegger\" rel=\"author\">sonderegger<\/a><\/span> | <span class=\"published\">Apr. 28, 2026<\/span><\/p><div class=\"post-content\"><div class=\"post-content-inner\"><p>Die Wanderung zum Preikestolen, einem der ber\u00fchmtesten Felsen Norwegens, war ein echtes Highlight meiner Reise. Die Anreise war einfach, und ich war voller Vorfreude, als ich den Ausgangspunkt der&#8230;<\/p>\n<\/div><\/div><\/article><article class=\"et_pb_post et_pb_post_id_271 clearfix et_pb_blog_item_0_2 post-271 post type-post status-publish format-standard has-post-thumbnail hentry category-allgemein\"><div class=\"et_pb_image_container\"><a href=\"https:\/\/liam.ict-stage.ch\/index.php\/2026\/04\/27\/zugfahrt-durch-das-flamsbana-tal\/\" class=\"entry-featured-image-url\"><img loading=\"lazy\" decoding=\"async\" src=\"https:\/\/liam.ict-stage.ch\/wp-content\/uploads\/2026\/04\/NOR_15-2.jpg\" width=\"400\" height=\"225\" alt=\"Zugfahrt durch das Fl\u00e5msbana-Tal\" class=\"\" srcset=\"https:\/\/liam.ict-stage.ch\/wp-content\/uploads\/2026\/04\/NOR_15-2.jpg 479w, https:\/\/liam.ict-stage.ch\/wp-content\/uploads\/2026\/04\/NOR_15-2.jpg 480w\" sizes=\"(max-width:479px) 479px, 100vw\" \/><span data-icon=\"\ue050\" class=\"et_overlay et_pb_inline_icon\"><\/span><\/a><\/div><h2 class=\"entry-title\"><a href=\"https:\/\/liam.ict-stage.ch\/index.php\/2026\/04\/27\/zugfahrt-durch-das-flamsbana-tal\/\">Zugfahrt durch das Fl\u00e5msbana-Tal<\/a><\/h2><p class=\"post-meta\">by <span class=\"author vcard\"><a href=\"https:\/\/liam.ict-stage.ch\/index.php\/author\/sonderegger\/\" title=\"Posts by sonderegger\" rel=\"author\">sonderegger<\/a><\/span> | <span class=\"published\">Apr. 27, 2026<\/span><\/p><div class=\"post-content\"><div class=\"post-content-inner\"><p>Eine meiner entspanntesten Reisen in Norwegen war die Zugfahrt durch das Fl\u00e5msbana-Tal. Diese Strecke gilt als eine der sch\u00f6nsten Zugfahrten der Welt, und ich konnte es kaum erwarten, die&#8230;<\/p>\n<\/div><\/div><\/article><article class=\"et_pb_post et_pb_post_id_273 clearfix et_pb_blog_item_0_3 post-273 post type-post status-publish format-standard has-post-thumbnail hentry category-allgemein\"><div class=\"et_pb_image_container\"><a href=\"https:\/\/liam.ict-stage.ch\/index.php\/2026\/04\/26\/oslo-die-pulsierende-hauptstadt\/\" class=\"entry-featured-image-url\"><img loading=\"lazy\" decoding=\"async\" src=\"https:\/\/liam.ict-stage.ch\/wp-content\/uploads\/2026\/04\/qdq.jpg\" width=\"400\" height=\"225\" alt=\"Oslo: Die pulsierende Hauptstadt\" class=\"\" srcset=\"https:\/\/liam.ict-stage.ch\/wp-content\/uploads\/2026\/04\/qdq.jpg 479w, https:\/\/liam.ict-stage.ch\/wp-content\/uploads\/2026\/04\/qdq.jpg 480w\" sizes=\"(max-width:479px) 479px, 100vw\" \/><span data-icon=\"\ue050\" class=\"et_overlay et_pb_inline_icon\"><\/span><\/a><\/div><h2 class=\"entry-title\"><a href=\"https:\/\/liam.ict-stage.ch\/index.php\/2026\/04\/26\/oslo-die-pulsierende-hauptstadt\/\">Oslo: Die pulsierende Hauptstadt<\/a><\/h2><p class=\"post-meta\">by <span class=\"author vcard\"><a href=\"https:\/\/liam.ict-stage.ch\/index.php\/author\/sonderegger\/\" title=\"Posts by sonderegger\" rel=\"author\">sonderegger<\/a><\/span> | <span class=\"published\">Apr. 26, 2026<\/span><\/p><div class=\"post-content\"><div class=\"post-content-inner\"><p>Oslo hat mich mit seiner Mischung aus moderner Architektur und Natur \u00fcberrascht. Als ich die Stadt betrat, sp\u00fcrte ich sofort die lebendige Atmosph\u00e4re. Die Strassen waren voll mit Menschen, und&#8230;<\/p>\n<\/div><\/div><\/article><article class=\"et_pb_post et_pb_post_id_374 clearfix et_pb_blog_item_0_4 post-374 post type-post status-publish format-standard has-post-thumbnail hentry category-allgemein\"><div class=\"et_pb_image_container\"><a href=\"https:\/\/liam.ict-stage.ch\/index.php\/2026\/04\/25\/nordkap-das-ende-der-welt\/\" class=\"entry-featured-image-url\"><img loading=\"lazy\" decoding=\"async\" src=\"https:\/\/liam.ict-stage.ch\/wp-content\/uploads\/2026\/04\/NOR_61.jpg\" width=\"400\" height=\"225\" alt=\"Nordkap: Das Ende der Welt\" class=\"\" srcset=\"https:\/\/liam.ict-stage.ch\/wp-content\/uploads\/2026\/04\/NOR_61.jpg 479w, https:\/\/liam.ict-stage.ch\/wp-content\/uploads\/2026\/04\/NOR_61.jpg 480w\" sizes=\"(max-width:479px) 479px, 100vw\" \/><span data-icon=\"\ue050\" class=\"et_overlay et_pb_inline_icon\"><\/span><\/a><\/div><h2 class=\"entry-title\"><a href=\"https:\/\/liam.ict-stage.ch\/index.php\/2026\/04\/25\/nordkap-das-ende-der-welt\/\">Nordkap: Das Ende der Welt<\/a><\/h2><p class=\"post-meta\">by <span class=\"author vcard\"><a href=\"https:\/\/liam.ict-stage.ch\/index.php\/author\/sonderegger\/\" title=\"Posts by sonderegger\" rel=\"author\">sonderegger<\/a><\/span> | <span class=\"published\">Apr. 25, 2026<\/span><\/p><div class=\"post-content\"><div class=\"post-content-inner\"><p>Mein Abenteuer am Nordkap war ein wahrhaft einmaliges Erlebnis. Die Reise dorthin f\u00fchrte mich durch einige der beeindruckendsten Landschaften Norwegens. Als ich das ber\u00fchmte Nordkap-Denkmal&#8230;<\/p>\n<\/div><\/div><\/article><article class=\"et_pb_post et_pb_post_id_376 clearfix et_pb_blog_item_0_5 post-376 post type-post status-publish format-standard has-post-thumbnail hentry category-allgemein\"><div class=\"et_pb_image_container\"><a href=\"https:\/\/liam.ict-stage.ch\/index.php\/2026\/04\/24\/die-lofoten-inseln-ein-paradies-fuer-naturfreunde\/\" class=\"entry-featured-image-url\"><img loading=\"lazy\" decoding=\"async\" src=\"https:\/\/liam.ict-stage.ch\/wp-content\/uploads\/2026\/04\/scsa.jpg\" width=\"400\" height=\"225\" alt=\"Die Lofoten-Inseln: Ein Paradies f\u00fcr Naturfreunde\" class=\"\" srcset=\"https:\/\/liam.ict-stage.ch\/wp-content\/uploads\/2026\/04\/scsa.jpg 479w, https:\/\/liam.ict-stage.ch\/wp-content\/uploads\/2026\/04\/scsa.jpg 480w\" sizes=\"(max-width:479px) 479px, 100vw\" \/><span data-icon=\"\ue050\" class=\"et_overlay et_pb_inline_icon\"><\/span><\/a><\/div><h2 class=\"entry-title\"><a href=\"https:\/\/liam.ict-stage.ch\/index.php\/2026\/04\/24\/die-lofoten-inseln-ein-paradies-fuer-naturfreunde\/\">Die Lofoten-Inseln: Ein Paradies f\u00fcr Naturfreunde<\/a><\/h2><p class=\"post-meta\">by <span class=\"author vcard\"><a href=\"https:\/\/liam.ict-stage.ch\/index.php\/author\/sonderegger\/\" title=\"Posts by sonderegger\" rel=\"author\">sonderegger<\/a><\/span> | <span class=\"published\">Apr. 24, 2026<\/span><\/p><div class=\"post-content\"><div class=\"post-content-inner\"><p>Die Lofoten-Inseln haben mich mit ihrer beeindruckenden Sch\u00f6nheit und ihrem rauen Charme verzaubert. Ich kam mit der F\u00e4hre an und war sofort von den schroffen Bergen und dem glitzernden Wasser&#8230;<\/p>\n<\/div><\/div><\/article><article class=\"et_pb_post et_pb_post_id_378 clearfix et_pb_blog_item_0_6 post-378 post type-post status-publish format-standard has-post-thumbnail hentry category-allgemein\"><div class=\"et_pb_image_container\"><a href=\"https:\/\/liam.ict-stage.ch\/index.php\/2026\/04\/23\/winterzauber-in-tromso\/\" class=\"entry-featured-image-url\"><img loading=\"lazy\" decoding=\"async\" src=\"https:\/\/liam.ict-stage.ch\/wp-content\/uploads\/2026\/04\/dw.jpg\" width=\"400\" height=\"225\" alt=\"Winterzauber in Troms\u00f8\" class=\"\" srcset=\"https:\/\/liam.ict-stage.ch\/wp-content\/uploads\/2026\/04\/dw.jpg 479w, https:\/\/liam.ict-stage.ch\/wp-content\/uploads\/2026\/04\/dw.jpg 480w\" sizes=\"(max-width:479px) 479px, 100vw\" \/><span data-icon=\"\ue050\" class=\"et_overlay et_pb_inline_icon\"><\/span><\/a><\/div><h2 class=\"entry-title\"><a href=\"https:\/\/liam.ict-stage.ch\/index.php\/2026\/04\/23\/winterzauber-in-tromso\/\">Winterzauber in Troms\u00f8<\/a><\/h2><p class=\"post-meta\">by <span class=\"author vcard\"><a href=\"https:\/\/liam.ict-stage.ch\/index.php\/author\/sonderegger\/\" title=\"Posts by sonderegger\" rel=\"author\">sonderegger<\/a><\/span> | <span class=\"published\">Apr. 23, 2026<\/span><\/p><div class=\"post-content\"><div class=\"post-content-inner\"><p>Troms\u00f8 im Winter ist ein wahres Winterwunderland. Als ich in der Stadt ankam, war alles von einer dicken Schicht Schnee bedeckt, und die Luft war klar und frisch. Die Atmosph\u00e4re war magisch, und ich&#8230;<\/p>\n<\/div><\/div><\/article><article class=\"et_pb_post et_pb_post_id_380 clearfix et_pb_blog_item_0_7 post-380 post type-post status-publish format-standard has-post-thumbnail hentry category-allgemein\"><div class=\"et_pb_image_container\"><a href=\"https:\/\/liam.ict-stage.ch\/index.php\/2026\/04\/22\/rondane-ein-wanderparadies\/\" class=\"entry-featured-image-url\"><img loading=\"lazy\" decoding=\"async\" src=\"https:\/\/liam.ict-stage.ch\/wp-content\/uploads\/2026\/04\/NOR_2.jpg\" width=\"400\" height=\"225\" alt=\"Rondane: Ein Wanderparadies\" class=\"\" srcset=\"https:\/\/liam.ict-stage.ch\/wp-content\/uploads\/2026\/04\/NOR_2.jpg 479w, https:\/\/liam.ict-stage.ch\/wp-content\/uploads\/2026\/04\/NOR_2.jpg 480w\" sizes=\"(max-width:479px) 479px, 100vw\" \/><span data-icon=\"\ue050\" class=\"et_overlay et_pb_inline_icon\"><\/span><\/a><\/div><h2 class=\"entry-title\"><a href=\"https:\/\/liam.ict-stage.ch\/index.php\/2026\/04\/22\/rondane-ein-wanderparadies\/\">Rondane: Ein Wanderparadies<\/a><\/h2><p class=\"post-meta\">by <span class=\"author vcard\"><a href=\"https:\/\/liam.ict-stage.ch\/index.php\/author\/sonderegger\/\" title=\"Posts by sonderegger\" rel=\"author\">sonderegger<\/a><\/span> | <span class=\"published\">Apr. 22, 2026<\/span><\/p><div class=\"post-content\"><div class=\"post-content-inner\"><p>Die Rondane-Bergregion ist ein wahres Wanderparadies in Norwegen. Meine Reise begann im Rondane Nationalpark, wo ich von der atemberaubenden Landschaft und den schroffen Bergen begeistert war. Ich&#8230;<\/p>\n<\/div><\/div><\/article><article class=\"et_pb_post et_pb_post_id_382 clearfix et_pb_blog_item_0_8 post-382 post type-post status-publish format-standard has-post-thumbnail hentry category-allgemein\"><div class=\"et_pb_image_container\"><a href=\"https:\/\/liam.ict-stage.ch\/index.php\/2026\/04\/21\/der-wasserfall-voringsfossen-ein-naturwunder\/\" class=\"entry-featured-image-url\"><img loading=\"lazy\" decoding=\"async\" src=\"https:\/\/liam.ict-stage.ch\/wp-content\/uploads\/2026\/04\/NOR_29-1.jpg\" width=\"400\" height=\"225\" alt=\"Der Wasserfall V\u00f8ringsfossen: Ein Naturwunder\" class=\"\" srcset=\"https:\/\/liam.ict-stage.ch\/wp-content\/uploads\/2026\/04\/NOR_29-1.jpg 479w, https:\/\/liam.ict-stage.ch\/wp-content\/uploads\/2026\/04\/NOR_29-1.jpg 480w\" sizes=\"(max-width:479px) 479px, 100vw\" \/><span data-icon=\"\ue050\" class=\"et_overlay et_pb_inline_icon\"><\/span><\/a><\/div><h2 class=\"entry-title\"><a href=\"https:\/\/liam.ict-stage.ch\/index.php\/2026\/04\/21\/der-wasserfall-voringsfossen-ein-naturwunder\/\">Der Wasserfall V\u00f8ringsfossen: Ein Naturwunder<\/a><\/h2><p class=\"post-meta\">by <span class=\"author vcard\"><a href=\"https:\/\/liam.ict-stage.ch\/index.php\/author\/sonderegger\/\" title=\"Posts by sonderegger\" rel=\"author\">sonderegger<\/a><\/span> | <span class=\"published\">Apr. 21, 2026<\/span><\/p><div class=\"post-content\"><div class=\"post-content-inner\"><p>Der V\u00f8ringsfossen, einer der ber\u00fchmtesten Wasserf\u00e4lle Norwegens, war eines meiner aufregendsten Reiseziele. Als ich mich auf den Weg zu diesem Naturwunder machte, sp\u00fcrte ich die Vorfreude in der&#8230;<\/p>\n<\/div><\/div><\/article><article class=\"et_pb_post et_pb_post_id_385 clearfix et_pb_blog_item_0_9 post-385 post type-post status-publish format-standard has-post-thumbnail hentry category-allgemein\"><div class=\"et_pb_image_container\"><a href=\"https:\/\/liam.ict-stage.ch\/index.php\/2026\/04\/20\/der-geirangerfjord-ein-meisterwerk-der-natur\/\" class=\"entry-featured-image-url\"><img loading=\"lazy\" decoding=\"async\" src=\"https:\/\/liam.ict-stage.ch\/wp-content\/uploads\/2026\/04\/NOR_11-1.jpg\" width=\"400\" height=\"225\" alt=\"Der Geirangerfjord: Ein Meisterwerk der Natur\" class=\"\" srcset=\"https:\/\/liam.ict-stage.ch\/wp-content\/uploads\/2026\/04\/NOR_11-1.jpg 479w, https:\/\/liam.ict-stage.ch\/wp-content\/uploads\/2026\/04\/NOR_11-1.jpg 480w\" sizes=\"(max-width:479px) 479px, 100vw\" \/><span data-icon=\"\ue050\" class=\"et_overlay et_pb_inline_icon\"><\/span><\/a><\/div><h2 class=\"entry-title\"><a href=\"https:\/\/liam.ict-stage.ch\/index.php\/2026\/04\/20\/der-geirangerfjord-ein-meisterwerk-der-natur\/\">Der Geirangerfjord: Ein Meisterwerk der Natur<\/a><\/h2><p class=\"post-meta\">by <span class=\"author vcard\"><a href=\"https:\/\/liam.ict-stage.ch\/index.php\/author\/sonderegger\/\" title=\"Posts by sonderegger\" rel=\"author\">sonderegger<\/a><\/span> | <span class=\"published\">Apr. 20, 2026<\/span><\/p><div class=\"post-content\"><div class=\"post-content-inner\"><p>Der Geirangerfjord, ein UNESCO-Weltkulturerbe, ist bekannt f\u00fcr seine atemberaubende Sch\u00f6nheit und beeindruckenden Landschaften. Meine Reise zu diesem Naturwunder begann in der kleinen Stadt&#8230;<\/p>\n<\/div><\/div><\/article><\/div><\/div><\/div>\n<\/div>\n<\/div>\n<\/div>","protected":false},"excerpt":{"rendered":"","protected":false},"author":1,"featured_media":0,"parent":0,"menu_order":0,"comment_status":"closed","ping_status":"closed","template":"","meta":{"footnotes":""},"class_list":["post-197","page","type-page","status-publish","hentry"],"_links":{"self":[{"href":"https:\/\/liam.ict-stage.ch\/index.php\/wp-json\/wp\/v2\/pages\/197","targetHints":{"allow":["GET"]}}],"collection":[{"href":"https:\/\/liam.ict-stage.ch\/index.php\/wp-json\/wp\/v2\/pages"}],"about":[{"href":"https:\/\/liam.ict-stage.ch\/index.php\/wp-json\/wp\/v2\/types\/page"}],"author":[{"embeddable":true,"href":"https:\/\/liam.ict-stage.ch\/index.php\/wp-json\/wp\/v2\/users\/1"}],"replies":[{"embeddable":true,"href":"https:\/\/liam.ict-stage.ch\/index.php\/wp-json\/wp\/v2\/comments?post=197"}],"version-history":[{"count":6,"href":"https:\/\/liam.ict-stage.ch\/index.php\/wp-json\/wp\/v2\/pages\/197\/revisions"}],"predecessor-version":[{"id":370,"href":"https:\/\/liam.ict-stage.ch\/index.php\/wp-json\/wp\/v2\/pages\/197\/revisions\/370"}],"wp:attachment":[{"href":"https:\/\/liam.ict-stage.ch\/index.php\/wp-json\/wp\/v2\/media?parent=197"}],"curies":[{"name":"wp","href":"https:\/\/api.w.org\/{rel}","templated":true}]}}