{"id":93,"date":"2026-04-24T08:55:03","date_gmt":"2026-04-24T06:55:03","guid":{"rendered":"https:\/\/liam.ict-stage.ch\/?page_id=93"},"modified":"2026-04-30T08:25:38","modified_gmt":"2026-04-30T06:25:38","slug":"kultur","status":"publish","type":"page","link":"https:\/\/liam.ict-stage.ch\/index.php\/kultur\/","title":{"rendered":"Kultur"},"content":{"rendered":"<div class=\"et_pb_section_0 et_pb_section et_section_regular et_flex_section preset--module--divi-section--default\">\n<div class=\"et_pb_row_0 et_pb_row et_flex_row\">\n<div class=\"et_pb_column_0 et_pb_column et-last-child et_flex_column et_pb_css_mix_blend_mode_passthrough et_flex_column_24_24 et_flex_column_24_24_tablet et_flex_column_24_24_phone preset--module--divi-column--default\">\n<div class=\"et_pb_heading_0 et_pb_heading et_pb_module et_flex_module preset--module--divi-heading--default\"><div class=\"et_pb_heading_container\"><h1 class=\"et_pb_module_header\">Kultur<\/h1><\/div><\/div>\n\n<div class=\"et_pb_heading_1 et_pb_heading et_pb_module et_flex_module preset--module--divi-heading--default\"><div class=\"et_pb_heading_container\"><h1 class=\"et_pb_module_header\">Tauchen Sie ein in Norwegens reiche Kultur<\/h1><\/div><\/div>\n<\/div>\n<\/div>\n<\/div>\n\n<div class=\"et_pb_section_1 et_pb_section et_section_regular et_flex_section preset--module--divi-section--default\">\n<div class=\"et_pb_row_1 et_pb_row et_flex_row\">\n<div class=\"et_pb_column_1 et_pb_column et-last-child et_flex_column et_pb_css_mix_blend_mode_passthrough et_flex_column_24_24 et_flex_column_24_24_tablet et_flex_column_24_24_phone preset--module--divi-column--default\">\n<div class=\"et_pb_text_0 et_pb_text et_pb_bg_layout_light et_pb_module et_flex_module\"><div class=\"et_pb_text_inner\"><p class=\"p1\" style=\"text-align: center;\">Nordische K\u00fcche \u2014 ein Fest f\u00fcr die Sinne<\/p>\n<\/div><\/div>\n<\/div>\n<\/div>\n<\/div>\n\n<div class=\"et_pb_section_2 et_pb_section et_section_regular et_flex_section preset--module--divi-section--default\">\n<div class=\"et_pb_row_2 et_pb_row et_flex_row\">\n<div class=\"et_pb_column_2 et_pb_column et_flex_column et_pb_css_mix_blend_mode_passthrough et_flex_column_12_24 et_flex_column_12_24_tablet et_flex_column_24_24_phone preset--module--divi-column--default\">\n<div class=\"et_pb_image_0 et_pb_image et_pb_module et_flex_module preset--group--divi-image--divi-border--hfy01g7--nested--lodbpqhw9w preset--module--divi-image--default\"><span class=\"et_pb_image_wrap\"><img loading=\"lazy\" decoding=\"async\" src=\"https:\/\/liam.ict-stage.ch\/wp-content\/uploads\/2026\/04\/NOR_64-2-2.jpg\" title=\"NOR_64 2 2\" width=\"563\" height=\"646\" srcset=\"https:\/\/liam.ict-stage.ch\/wp-content\/uploads\/2026\/04\/NOR_64-2-2.jpg 563w\" sizes=\"(max-width: 563px) 100vw, 563px\" class=\"wp-image-166\" \/><\/span><\/div>\n<\/div>\n\n<div class=\"et_pb_column_3 et_pb_column et-last-child et_flex_column et_pb_css_mix_blend_mode_passthrough et_flex_column_12_24 et_flex_column_12_24_tablet et_flex_column_24_24_phone preset--module--divi-column--default\">\n<div class=\"et_pb_text_1 et_pb_text et_pb_bg_layout_light et_pb_module et_flex_module\"><div class=\"et_pb_text_inner\"><p class=\"p1\" style=\"text-align: center;\">Die norwegische K\u00fcche ist bodenst\u00e4ndig und doch raffiniert. Frisch, einfach und unvergesslich lecker:<\/p>\n<p class=\"p1\" style=\"text-align: center;\">Die norwegische K\u00fcche besticht durch ihre Einfachheit und die Qualit\u00e4t der regionalen Zutaten. Regionale Spezialit\u00e4ten wie \"<strong>Lutefisk<\/strong>\" treffen auf moderne Kreationen, die Norwegen international Anerkennung gebracht haben.<\/p>\n<p class=\"p1\" style=\"text-align: center;\">Geniessen Sie fangfrischen Fisch, k\u00f6stliche Meeresfr\u00fcchte und traditionelle Gerichte wie<\/p>\n<p class=\"p1\" style=\"text-align: center;\">\"<strong>R\u00f8mmegr\u00f8t<\/strong>\" oder \"<strong>Klippfisk<\/strong>\". Lernen Sie die Geheimnisse der nordischen K\u00fcche kennen, besuchen Sie gem\u00fctliche Fischrestaurants an der K\u00fcste oder probieren Sie Streetfood in den lebendigen St\u00e4dten. F\u00fcr jeden Geschmack ist etwas dabei - lassen Sie sich \u00fcberraschen!<\/p>\n<\/div><\/div>\n<\/div>\n<\/div>\n<\/div>\n\n<div class=\"et_pb_section_3 et_pb_section et_section_regular et_flex_section preset--module--divi-section--default\">\n<div class=\"et_pb_row_3 et_pb_row et_flex_row\">\n<div class=\"et_pb_column_4 et_pb_column et_flex_column et_pb_css_mix_blend_mode_passthrough et_flex_column_12_24 et_flex_column_12_24_tablet et_flex_column_24_24_phone preset--module--divi-column--default\">\n<div class=\"et_pb_text_2 et_pb_text et_pb_bg_layout_light et_pb_module et_flex_module\"><div class=\"et_pb_text_inner\"><p class=\"p1\" style=\"text-align: center;\">Verbundenheit mit der Natur<\/p>\n<\/div><\/div>\n\n<div class=\"et_pb_text_3 et_pb_text et_pb_bg_layout_light et_pb_module et_flex_module\"><div class=\"et_pb_text_inner\"><p class=\"p1\" style=\"text-align: center;\">Norwegens Kultur ist eng mit der Natur verkn\u00fcpft. Traditionelle Bauweisen, wie die kunstvollen Stabkirchen, zeigen den tiefen Respekt der Norweger vor der Natur, der auch in ihrer Kunst und im Alltag zu sp\u00fcren ist.<\/p>\n<\/div><\/div>\n<\/div>\n\n<div class=\"et_pb_column_5 et_pb_column et-last-child et_flex_column et_pb_css_mix_blend_mode_passthrough et_flex_column_12_24 et_flex_column_12_24_tablet et_flex_column_24_24_phone preset--module--divi-column--default\">\n<div class=\"et_pb_text_4 et_pb_text et_pb_bg_layout_light et_pb_module et_flex_module\"><div class=\"et_pb_text_inner\"><p class=\"p1\" style=\"text-align: center;\">Samische Kultur<\/p>\n<\/div><\/div>\n\n<div class=\"et_pb_text_5 et_pb_text et_pb_bg_layout_light et_pb_module et_flex_module\"><div class=\"et_pb_text_inner\"><p class=\"p1\" style=\"text-align: center;\">Im Norden lebt das indigene Volk der Samen. Traditionelle Rentierzucht, farbenfrohe Trachten und der Joik-Gesang sind nur einige Facetten dieser einzigartigen Kultur.<\/p>\n<\/div><\/div>\n<\/div>\n<\/div>\n\n<div class=\"et_pb_row_4 et_pb_row et_flex_row\">\n<div class=\"et_pb_column_6 et_pb_column et_flex_column et_pb_css_mix_blend_mode_passthrough et_flex_column_12_24 et_flex_column_12_24_tablet et_flex_column_24_24_phone preset--module--divi-column--default\">\n<div class=\"et_pb_text_6 et_pb_text et_pb_bg_layout_light et_pb_module et_flex_module\"><div class=\"et_pb_text_inner\"><p style=\"text-align: center;\">Feste und Br\u00e4uche<\/p>\n<\/div><\/div>\n\n<div class=\"et_pb_text_7 et_pb_text et_pb_bg_layout_light et_pb_module et_flex_module\"><div class=\"et_pb_text_inner\"><p class=\"p1\" style=\"text-align: center;\">Feste wie der 17. Mai, Norwegens Nationalfeiertag, und Weihnachten sind stark verwurzelt, Die traditionellen Trachten (\"Bunad\") und die lebhaften Paraden verleihen diesen Feiern rihren besonderen Charakter.<\/p>\n<\/div><\/div>\n<\/div>\n\n<div class=\"et_pb_column_7 et_pb_column et-last-child et_flex_column et_pb_css_mix_blend_mode_passthrough et_flex_column_12_24 et_flex_column_12_24_tablet et_flex_column_24_24_phone preset--module--divi-column--default\">\n<div class=\"et_pb_text_8 et_pb_text et_pb_bg_layout_light et_pb_module et_flex_module\"><div class=\"et_pb_text_inner\"><p class=\"p1\" style=\"text-align: center;\">Volksmusik und Tanz<\/p>\n<\/div><\/div>\n\n<div class=\"et_pb_text_9 et_pb_text et_pb_bg_layout_light et_pb_module et_flex_module\"><div class=\"et_pb_text_inner\"><p class=\"p1\" style=\"text-align: center;\">Norwegens Volksmusik und traditionelle T\u00e4nze wie der \"Halling\" spiegeln die Lebensfreude des Landes wider. Besonders in den l\u00e4ndlichen Regionen sind diese Br\u00e4uche lebendig und werden bei Festivals<\/p>\n<\/div><\/div>\n<\/div>\n<\/div>\n\n<div class=\"et_pb_row_5 et_pb_row et_flex_row\">\n<div class=\"et_pb_column_8 et_pb_column et_flex_column et_pb_css_mix_blend_mode_passthrough et_flex_column_12_24 et_flex_column_12_24_tablet et_flex_column_24_24_phone preset--module--divi-column--default\">\n<div class=\"et_pb_text_10 et_pb_text et_pb_bg_layout_light et_pb_module et_flex_module\"><div class=\"et_pb_text_inner\"><p class=\"p1\" style=\"text-align: center;\">Moderne Kunst und Architektur<\/p>\n<\/div><\/div>\n\n<div class=\"et_pb_text_11 et_pb_text et_pb_bg_layout_light et_pb_module et_flex_module\"><div class=\"et_pb_text_inner\"><p class=\"p1\" style=\"text-align: center;\">Norwegen ist Vorreiter in moderner Kunst und Architektur. Geb\u00e4ude wie das Opernhaus in Oslo oder das Astrup Fearnley Museum verbinden Tradition mit futuristischem Design und machen die St\u00e4dte zu Kunstwerken.<\/p>\n<\/div><\/div>\n<\/div>\n\n<div class=\"et_pb_column_9 et_pb_column et-last-child et_flex_column et_pb_css_mix_blend_mode_passthrough et_flex_column_12_24 et_flex_column_12_24_tablet et_flex_column_24_24_phone preset--module--divi-column--default\">\n<div class=\"et_pb_text_12 et_pb_text et_pb_bg_layout_light et_pb_module et_flex_module\"><div class=\"et_pb_text_inner\"><p class=\"p1\" style=\"text-align: center;\">Das Erbe der Wikinger<\/p>\n<\/div><\/div>\n\n<div class=\"et_pb_text_13 et_pb_text et_pb_bg_layout_light et_pb_module et_flex_module\"><div class=\"et_pb_text_inner\"><p class=\"p1\" style=\"text-align: center;\">Die Wikingerzeit pr\u00e4gt Norwegens Identit\u00e4t bis heute. Historische St\u00e4tten, wie das Wikinger-Museum in Oslo oder erhaltene Wikingerschiffe, erz\u00e4hlen von der Abenteuerlust und dem Erfindungsreichtum<\/p>\n<\/div><\/div>\n<\/div>\n<\/div>\n<\/div>","protected":false},"excerpt":{"rendered":"","protected":false},"author":1,"featured_media":0,"parent":0,"menu_order":0,"comment_status":"closed","ping_status":"closed","template":"","meta":{"footnotes":""},"class_list":["post-93","page","type-page","status-publish","hentry"],"_links":{"self":[{"href":"https:\/\/liam.ict-stage.ch\/index.php\/wp-json\/wp\/v2\/pages\/93","targetHints":{"allow":["GET"]}}],"collection":[{"href":"https:\/\/liam.ict-stage.ch\/index.php\/wp-json\/wp\/v2\/pages"}],"about":[{"href":"https:\/\/liam.ict-stage.ch\/index.php\/wp-json\/wp\/v2\/types\/page"}],"author":[{"embeddable":true,"href":"https:\/\/liam.ict-stage.ch\/index.php\/wp-json\/wp\/v2\/users\/1"}],"replies":[{"embeddable":true,"href":"https:\/\/liam.ict-stage.ch\/index.php\/wp-json\/wp\/v2\/comments?post=93"}],"version-history":[{"count":21,"href":"https:\/\/liam.ict-stage.ch\/index.php\/wp-json\/wp\/v2\/pages\/93\/revisions"}],"predecessor-version":[{"id":358,"href":"https:\/\/liam.ict-stage.ch\/index.php\/wp-json\/wp\/v2\/pages\/93\/revisions\/358"}],"wp:attachment":[{"href":"https:\/\/liam.ict-stage.ch\/index.php\/wp-json\/wp\/v2\/media?parent=93"}],"curies":[{"name":"wp","href":"https:\/\/api.w.org\/{rel}","templated":true}]}}