{"id":97,"date":"2026-04-24T09:02:07","date_gmt":"2026-04-24T07:02:07","guid":{"rendered":"https:\/\/liam.ict-stage.ch\/?page_id=97"},"modified":"2026-04-30T14:07:10","modified_gmt":"2026-04-30T12:07:10","slug":"ueber-uns","status":"publish","type":"page","link":"https:\/\/liam.ict-stage.ch\/index.php\/ueber-uns\/","title":{"rendered":"\u00dcber uns"},"content":{"rendered":"<div class=\"et_pb_section_0 et_pb_section et_section_regular et_flex_section preset--module--divi-section--default\">\n<div class=\"et_pb_row_0 et_pb_row et_flex_row\">\n<div class=\"et_pb_column_0 et_pb_column et-last-child et_flex_column et_pb_css_mix_blend_mode_passthrough et_flex_column_24_24 et_flex_column_24_24_tablet et_flex_column_24_24_phone preset--module--divi-column--default\">\n<div class=\"et_pb_heading_0 et_pb_heading et_pb_module et_flex_module preset--module--divi-heading--default\"><div class=\"et_pb_heading_container\"><h1 class=\"et_pb_module_header\">\u00dcber uns<\/h1><\/div><\/div>\n\n<div class=\"et_pb_heading_1 et_pb_heading et_pb_module et_flex_module preset--module--divi-heading--default\"><div class=\"et_pb_heading_container\"><h1 class=\"et_pb_module_header\">ArcticEdge Tours - Ihr Experte f\u00fcr Reisen in den Norden<\/h1><\/div><\/div>\n\n<div class=\"et_pb_text_0 et_pb_text et_pb_bg_layout_light et_pb_module et_flex_module\"><div class=\"et_pb_text_inner\"><p class=\"p1\" style=\"text-align: center;\">ArcticEdge Tours wurde mit der Leidenschaft gegr\u00fcndet, Reisenden die unber\u00fchrte Sch\u00f6nheit und die faszinierende Kultur des Nordens n\u00e4herzubringen. Wir sind spezialisiert auf massgeschneiderte Reisen nach Norwegen, die Ihnen unvergessliche Erlebnisse bieten - von den atemberaubenden Fjorden bis hin zu den magischen Polarlichtern.<\/p>\n<p class=\"p1\" style=\"text-align: center;\">Unser Ziel ist es, Ihnen die perfekte Mischung aus Abenteuer, Erholung und kulturellen Entdeckungen zu bieten.<\/p>\n<\/div><\/div>\n<\/div>\n<\/div>\n<\/div>\n\n<div class=\"et_pb_section_1 et_pb_section et_section_regular et_flex_section preset--module--divi-section--default\">\n<div class=\"et_pb_row_1 et_pb_row et_flex_row\">\n<div class=\"et_pb_column_1 et_pb_column et_flex_column et_pb_css_mix_blend_mode_passthrough et_flex_column_12_24 et_flex_column_12_24_tablet et_flex_column_24_24_phone preset--module--divi-column--default\">\n<div class=\"et_pb_image_0 et_pb_image et_pb_module et_flex_module preset--group--divi-image--divi-border--hfy01g7--nested--lodbpqhw9w preset--module--divi-image--default\"><span class=\"et_pb_image_wrap\"><img loading=\"lazy\" decoding=\"async\" src=\"https:\/\/liam.ict-stage.ch\/wp-content\/uploads\/2026\/04\/NOR_35-2.jpg\" title=\"NOR_35 2\" width=\"1044\" height=\"1181\" srcset=\"https:\/\/liam.ict-stage.ch\/wp-content\/uploads\/2026\/04\/NOR_35-2.jpg 1044w\" sizes=\"(max-width: 1044px) 100vw, 1044px\" class=\"wp-image-184\" \/><\/span><\/div>\n<\/div>\n\n<div class=\"et_pb_column_2 et_pb_column et-last-child et_flex_column et_pb_css_mix_blend_mode_passthrough et_flex_column_12_24 et_flex_column_12_24_tablet et_flex_column_24_24_phone preset--module--divi-column--default\">\n<div class=\"et_pb_text_1 et_pb_text et_pb_bg_layout_light et_pb_module et_flex_module\"><div class=\"et_pb_text_inner\"><p class=\"p1\" style=\"text-align: center;\">Warum ArcticEdge Tours?<\/p>\n<\/div><\/div>\n\n<div class=\"et_pb_text_2 et_pb_text et_pb_bg_layout_light et_pb_module et_flex_module\"><div class=\"et_pb_text_inner\"><p class=\"p1\" style=\"text-align: center;\">Individuell abgestimmte Reisen: Jede Reise wird auf Ihre W\u00fcnsche und Vorlieben zugeschnitten. Expertise im Norden: Wir kennen die Region und arbeiten mit lokalen Partnern zusammen, um authentische Erlebnisse zu garantieren.<\/p>\n<p class=\"p1\" style=\"text-align: center;\">Pers\u00f6nliche Betreuung: Sie erhalten von der Planung bis zur Durchf\u00fchrung Ihrer Reise eine direkte und unkomplizierte Betreuung.<\/p>\n<\/div><\/div>\n<\/div>\n<\/div>\n<\/div>\n\n<div class=\"et_pb_section_2 et_pb_section et_section_regular et_flex_section preset--module--divi-section--default\">\n<div class=\"et_pb_row_2 et_pb_row et_flex_row\">\n<div class=\"et_pb_column_3 et_pb_column et_flex_column et_pb_css_mix_blend_mode_passthrough et_flex_column_12_24 et_flex_column_12_24_tablet et_flex_column_24_24_phone preset--module--divi-column--default\">\n<div class=\"et_pb_text_3 et_pb_text et_pb_bg_layout_light et_pb_module et_flex_module\"><div class=\"et_pb_text_inner\"><p class=\"p1\" style=\"text-align: center;\">Liam Sonderegger<\/p>\n<p class=\"p1\" style=\"text-align: center;\">Gr\u00fcnder\/in &amp; Reiseexpert\u00a0<\/p>\n<\/div><\/div>\n\n<div class=\"et_pb_text_4 et_pb_text et_pb_bg_layout_light et_pb_module et_flex_module\"><div class=\"et_pb_text_inner\"><p class=\"p1\" style=\"text-align: center;\">Mit einer tiefen Liebe zum Norden und jahrelanger Erfahrung in der Reisebranche gr\u00fcndete ich ArcticEdge Tours, um Reisenden das Beste von Norwegen zu zeigen. Ich lebe und arbeitete in Oslo, spreche fliessend Norwegisch und habe die entlegensten Orte des Landes selbst erkundet. Meine Leidenschaft ist es, einzigartige Reiseerlebnisse zu kreieren, die weit \u00fcber das Gew\u00f6hnliche hinausgehen.<\/p>\n<\/div><\/div>\n<\/div>\n\n<div class=\"et_pb_column_4 et_pb_column et-last-child et_flex_column et_pb_css_mix_blend_mode_passthrough et_flex_column_12_24 et_flex_column_12_24_tablet et_flex_column_24_24_phone preset--module--divi-column--default\">\n<div class=\"et_pb_image_1 et_pb_image et_pb_module et_flex_module preset--group--divi-image--divi-border--hfy01g7--nested--lodbpqhw9w preset--module--divi-image--default\"><span class=\"et_pb_image_wrap\"><img loading=\"lazy\" decoding=\"async\" src=\"https:\/\/liam.ict-stage.ch\/wp-content\/uploads\/2026\/04\/DSC02892.jpeg\" title=\"DSC02892\" width=\"3552\" height=\"4018\" srcset=\"https:\/\/liam.ict-stage.ch\/wp-content\/uploads\/2026\/04\/DSC02892.jpeg 3552w\" sizes=\"(max-width: 3552px) 100vw, 3552px\" class=\"wp-image-178\" \/><\/span><\/div>\n<\/div>\n<\/div>\n\n<div class=\"et_pb_row_3 et_pb_row et_flex_row\">\n<div class=\"et_pb_column_5 et_pb_column et-last-child et_flex_column et_pb_css_mix_blend_mode_passthrough et_flex_column_24_24 et_flex_column_24_24_tablet et_flex_column_24_24_phone preset--module--divi-column--default\">\n<div class=\"et_pb_text_5 et_pb_text et_pb_bg_layout_light et_pb_module et_flex_module\"><div class=\"et_pb_text_inner\"><p class=\"p1\" style=\"text-align: center;\"><a href=\"https:\/\/liam.ict-stage.ch\/?page_id=197\" target=\"_blank\" rel=\"noopener\" title=\"Blogbeitr\u00e4ge\">Unsere Kunden machten folgende Erlebnisse \u2192<\/a><\/p>\n<\/div><\/div>\n<\/div>\n<\/div>\n<\/div>","protected":false},"excerpt":{"rendered":"","protected":false},"author":1,"featured_media":0,"parent":0,"menu_order":0,"comment_status":"closed","ping_status":"closed","template":"","meta":{"footnotes":""},"class_list":["post-97","page","type-page","status-publish","hentry"],"_links":{"self":[{"href":"https:\/\/liam.ict-stage.ch\/index.php\/wp-json\/wp\/v2\/pages\/97","targetHints":{"allow":["GET"]}}],"collection":[{"href":"https:\/\/liam.ict-stage.ch\/index.php\/wp-json\/wp\/v2\/pages"}],"about":[{"href":"https:\/\/liam.ict-stage.ch\/index.php\/wp-json\/wp\/v2\/types\/page"}],"author":[{"embeddable":true,"href":"https:\/\/liam.ict-stage.ch\/index.php\/wp-json\/wp\/v2\/users\/1"}],"replies":[{"embeddable":true,"href":"https:\/\/liam.ict-stage.ch\/index.php\/wp-json\/wp\/v2\/comments?post=97"}],"version-history":[{"count":10,"href":"https:\/\/liam.ict-stage.ch\/index.php\/wp-json\/wp\/v2\/pages\/97\/revisions"}],"predecessor-version":[{"id":399,"href":"https:\/\/liam.ict-stage.ch\/index.php\/wp-json\/wp\/v2\/pages\/97\/revisions\/399"}],"wp:attachment":[{"href":"https:\/\/liam.ict-stage.ch\/index.php\/wp-json\/wp\/v2\/media?parent=97"}],"curies":[{"name":"wp","href":"https:\/\/api.w.org\/{rel}","templated":true}]}}